 {"id":231,"date":"2016-06-23T11:57:12","date_gmt":"2016-06-23T09:57:12","guid":{"rendered":"http:\/\/wordpressmultisites\/lesamisdelamusiquefrancaise\/?page_id=231"},"modified":"2017-12-18T21:28:14","modified_gmt":"2017-12-18T20:28:14","slug":"concerts-amf","status":"publish","type":"page","link":"https:\/\/lesamisdelamusiquefran\u00e7aise.com\/?page_id=231","title":{"rendered":"Concerts"},"content":{"rendered":"<table>\n<tbody>\n<tr>\n<td><\/td>\n<\/tr>\n<\/tbody>\n<\/table>\n<p style=\"text-align: center;\"><span style=\"font-size: 28px; color: #7a4949;\"><strong>Luc DUROSOIR, vice-pr\u00e9sident des Amf<\/strong><\/span><\/p>\n<p style=\"text-align: center;\"><span style=\"color: #bda58e; font-size: 20px;\"> est en charge de nos concerts en relation<\/span><\/p>\n<p style=\"text-align: center;\"><span style=\"color: #bda58e; font-size: 20px;\">\u00a0avec les ayants droit\u00a0&amp; les associations partenaires<\/span><\/p>\n<table>\n<tbody>\n<tr>\n<td><\/td>\n<\/tr>\n<\/tbody>\n<\/table>\n<pre><\/pre>\n<table>\n<tbody>\n<tr>\n<td><\/td>\n<\/tr>\n<\/tbody>\n<\/table>\n<p style=\"text-align: center;\"><span style=\"color: #694f4f; font-family: verdana, geneva, sans-serif; font-size: 36px;\">Concert des AMF, samedi 16 d\u00e9cembre 2017<\/span><\/p>\n<p style=\"text-align: center;\"><span style=\"color: #694f4f; font-family: verdana, geneva, sans-serif; font-size: 28px;\">L&rsquo;Alcazar, Marseille<\/span><\/p>\n<table>\n<tbody>\n<tr>\n<td><span style=\"color: #694f4f;\">\u00a0<\/span><\/td>\n<\/tr>\n<\/tbody>\n<\/table>\n<div style=\"text-align: center;\"><span style=\"color: #694f4f; font-family: verdana, geneva, sans-serif;\"><span style=\"font-size: 24px;\">Georgie DUROSOIR<\/span>, musicologue<\/span><\/div>\n<div style=\"text-align: center;\"><span style=\"color: #694f4f; font-family: verdana, geneva, sans-serif;\">18 d\u00e9cembre 2017<\/span><\/div>\n<table>\n<tbody>\n<tr>\n<td><\/td>\n<\/tr>\n<\/tbody>\n<\/table>\n<p style=\"text-align: center;\"><span style=\"font-size: 24px; color: #694f4f;\"><br \/>\n<span style=\"font-size: 32px;\">Trio Arcadis <\/span><\/span><\/p>\n<p style=\"text-align: center;\"><span style=\"font-size: 24px; color: #694f4f;\">Amandine Ley au violon, Anne-Claire Lantenois au piano, Nicolas Saint-Yves au violoncelle<\/span><\/p>\n<table>\n<tbody>\n<tr>\n<td><\/td>\n<\/tr>\n<\/tbody>\n<\/table>\n<p style=\"text-align: center;\"><span style=\"font-size: 24px; color: #694f4f;\">Trios d\u2019Olivier Greif (1950-2000) et de Lucien Durosoir (1878-1955)<\/span><\/p>\n<table>\n<tbody>\n<tr>\n<td><\/td>\n<\/tr>\n<\/tbody>\n<\/table>\n<p>&nbsp;<\/p>\n<p style=\"text-align: justify;\"><span style=\"font-size: 20px; color: #694f4f;\">Il est toujours agr\u00e9able, pour des interpr\u00e8tes, de jouer devant un auditoire attentif, concentr\u00e9 et, en l\u2019occurrence, connaisseur. L\u2019Alcazar de Marseille accueillait le trio Arcadis pour ce concert organis\u00e9 par l\u2019association des Amis de la Musique Fran\u00e7aise. Deux associations avaient apport\u00e9 leur soutien \u00e0 cette manifestation, chacune au nom d\u2019un des compositeurs jou\u00e9s\u00a0: l\u2019association Olivier Greif et l\u2019association Musiciens entre Guerre et Paix (Lucien Durosoir). Le public \u00e9tait nombreux (environ deux cent cinquante personnes) malgr\u00e9 un mistral implacablement tranchant et glacial.<\/span><\/p>\n<p style=\"text-align: justify;\"><span style=\"font-size: 20px; color: #694f4f;\">Lionel Pons, musicologue et conf\u00e9rencier habituel du d\u00e9partement de musique de l\u2019Alcazar a pr\u00e9sent\u00e9 les deux \u0153uvres au programme avec une parfaite \u00e9rudition, doubl\u00e9e de la finesse et de la sensibilit\u00e9 qui lui sont coutumi\u00e8res.<\/span><\/p>\n<p style=\"text-align: justify;\"><span style=\"font-size: 20px; color: #694f4f;\">L\u2019accent \u00e9tait mis sur les points communs \u00e0 ces deux compositeurs, malgr\u00e9 le long temps qui les s\u00e9pare et c\u2019est leur refus des conventions et des mouvances qui drain\u00e8rent la majorit\u00e9 de leurs contemporains respectifs qui semble le trait d\u2019union majeur de ces deux personnalit\u00e9s.<\/span><\/p>\n<p style=\"text-align: justify;\"><span style=\"font-size: 20px; color: #694f4f;\">Chacun a voulu sa singularit\u00e9, non pour elle-m\u00eame, mais comme expression d\u2019une pens\u00e9e qui n\u2019a de guide que son enracinement au plus profond de l\u2019individu cr\u00e9ateur.<\/span><\/p>\n<p style=\"text-align: justify;\"><span style=\"font-size: 20px; color: #694f4f;\">Le trio Arcadis a d\u2019abord interpr\u00e9t\u00e9 le splendide <em>Trio De Profundis<\/em> de Greif\u00a0: la lecture int\u00e9grale, par Lionel Pons, du texte laiss\u00e9 par le compositeur permit au public d\u2019acc\u00e9der directement \u00e0 cette musique sombre, tragique, port\u00e9e par une \u00e9criture tr\u00e8s personnelle. Le <em>Trio en si mineur<\/em> de Durosoir offrait un autre exemple de science compositionnelle, une autre mani\u00e8re d\u2019appuyer le message intime sur une haute exigence technique. Les deux \u0153uvres ont b\u00e9n\u00e9fici\u00e9 d\u2019une impeccable mise en place, mais surtout de la r\u00e9flexion approfondie qu\u2019elles n\u00e9cessitaient pour \u00eatre comprises et transmises. De ces deux \u0153uvres, le trio Arcadis a donn\u00e9 une lecture concentr\u00e9e, fortement impliqu\u00e9e, tr\u00e8s convaincante, de celles qui parlent au public, l\u2019obligent au partage. Plus encore que les applaudissements fervents, les commentaires entendus de ci de l\u00e0 t\u00e9moignaient d\u2019une grande satisfaction, de la conviction d\u2019avoir d\u00e9couvert deux \u0153uvres majeures du r\u00e9pertoire, porteuses de messages humains autant qu\u2019artistiques et tr\u00e8s magistralement interpr\u00e9t\u00e9es.\u00a0\u25ca<\/span><\/p>\n<table>\n<tbody>\n<tr>\n<td><\/td>\n<\/tr>\n<\/tbody>\n<\/table>\n<p style=\"text-align: center;\"><strong><span style=\"font-size: 16px; font-family: verdana, geneva, sans-serif; color: #694f4f;\"><a style=\"color: #694f4f;\" href=\"http:\/\/xn--lesamisdelamusiquefranaise-dkc.com\/wp-content\/uploads\/2017\/12\/CR-Alcazar.pdf\">Fichier pdf du concert du 16 d\u00e9cembre 2017<\/a><\/span><\/strong><\/p>\n<table>\n<tbody>\n<tr>\n<td><span style=\"color: #694f4f;\">\u00a0<\/span><\/td>\n<\/tr>\n<\/tbody>\n<\/table>\n<pre><\/pre>\n<div><\/div>\n<div>\n<table>\n<tbody>\n<tr>\n<td><\/td>\n<\/tr>\n<\/tbody>\n<\/table>\n<\/div>\n<div><\/div>\n<div><\/div>\n<div style=\"text-align: center;\"><span style=\"font-size: 28px; color: #7a4949;\">Le prochain concert des AMF aura lieu \u00e0 MARSEILLE<\/span><\/div>\n<div><\/div>\n<div style=\"text-align: center;\"><span style=\"color: #7a4949; font-size: 24px;\">Samedi 16 d\u00e9cembre 2017 \u00e0 <span style=\"color: #a31515;\"><span style=\"color: #ff0000;\">17h00<\/span> <span style=\"color: #7a4949;\">(repouss\u00e9 d&rsquo;une heure)<\/span><\/span><\/span><\/div>\n<div>\n<table>\n<tbody>\n<tr>\n<td style=\"text-align: center;\"><\/td>\n<\/tr>\n<\/tbody>\n<\/table>\n<\/div>\n<div><\/div>\n<div><\/div>\n<p><a href=\"http:\/\/xn--lesamisdelamusiquefranaise-dkc.com\/wp-content\/uploads\/2016\/06\/CONCERT-AMF-de-decembre-2017-02.bmp\"><img loading=\"lazy\" class=\"size-full wp-image-5419 aligncenter\" src=\"http:\/\/xn--lesamisdelamusiquefranaise-dkc.com\/wp-content\/uploads\/2016\/06\/CONCERT-AMF-de-decembre-2017-02.bmp\" alt=\"\" width=\"648\" height=\"911\" \/><\/a><\/p>\n<p>&nbsp;<\/p>\n<div style=\"text-align: center;\"><\/div>\n<pre><\/pre>\n<p>&nbsp;<\/p>\n<p style=\"text-align: center;\"><span style=\"color: #5e4936; font-family: verdana, geneva, sans-serif; font-size: 28px;\">Concert des AMF le dimanche 9 octobre 2016<\/span><\/p>\n<p style=\"text-align: center;\"><span style=\"color: #5e4936; font-family: verdana, geneva, sans-serif; font-size: 20px;\">Antony, auditorium du conservatoire Darius Milhaud<\/span><\/p>\n<table>\n<tbody>\n<tr>\n<td><\/td>\n<\/tr>\n<\/tbody>\n<\/table>\n<p style=\"text-align: center;\"><span style=\"color: #5e4936; font-family: verdana, geneva, sans-serif;\"><strong>Georgie DUROSOIR<\/strong>, 11 octobre 2016<\/span><\/p>\n<table>\n<tbody>\n<tr>\n<td><\/td>\n<\/tr>\n<\/tbody>\n<\/table>\n<p style=\"text-align: justify;\"><span style=\"color: #5e4936;\">L\u2019association des Amis de Maurice Emmanuel accueillait, ce dimanche 9 octobre, le duo Arar, dans un concert de sonates fran\u00e7aises pour violon et piano organis\u00e9 par les Amis de la Musique Fran\u00e7aise (<em>AMF<\/em>).<\/span><\/p>\n<p style=\"text-align: justify;\"><span style=\"color: #5e4936;\">La vitalit\u00e9 des Amis de Maurice Emmanuel ne peut qu\u2019\u00eatre un mod\u00e8le et un encouragement pour tous ceux qui, descendants, \u00ab\u00a0ayant-droit\u00a0\u00bb ou d\u00e9fenseurs d\u00e9sint\u00e9ress\u00e9s de compositeurs fran\u00e7ais se mobilisent pour maintenir vivante la m\u00e9moire de ces auteurs et pour diffuser leur \u0153uvre par le concert.<\/span><\/p>\n<p style=\"text-align: justify;\"><span style=\"color: #5e4936;\">Trois musiciens \u00e9taient \u00e0 l\u2019honneur (leurs associations ayant accept\u00e9 de participer aux frais de l\u2019organisation comme il est indispensable, les <em>AMF<\/em> n\u2019ayant pas de fonds propres)\u00a0: Maurice Emmanuel (1862-1938), Lucien Durosoir (1878-1955) et Henri Sauguet (1901-1989).<\/span><\/p>\n<p style=\"text-align: justify;\"><span style=\"color: #5e4936;\">Tous les musiciens et les m\u00e9lomanes sont t\u00e9moins de l\u2019extraordinaire floraison de jeunes talents musicaux qui caract\u00e9rise notre temps. Les interpr\u00e8tes brillants ne manquent donc pas, doubl\u00e9s d\u2019esprits curieux de d\u00e9couverte et audacieux dans leur programmation. Il faut, en effet, avoir une forme de courage pour mettre sur pied un concert consacr\u00e9 \u00e0 trois auteurs que les feux de la rampe \u00e9clairent rarement\u2026<\/span><\/p>\n<p style=\"text-align: justify;\"><span style=\"color: #5e4936;\">Le duo Arar a pris le nom romain de la Sa\u00f4ne comme pour affirmer son appartenance lyonnaise. Jodilyne Gallavardin au piano et Alexis Rousseau au violon sont deux partenaires unis par une vraie fraternit\u00e9 musicale\u00a0: leur jeu refl\u00e8te leur entente profonde et leur commun lyrisme. Ils ont donn\u00e9 une belle lecture des sonates de ces trois hommes qui, malgr\u00e9 des destin\u00e9es bien diff\u00e9rentes, ont pour point commun d\u2019avoir connu, barrant cruellement leur vie, le tranchant d\u2019une ou de deux guerres mondiales.<\/span><\/p>\n<p style=\"text-align: justify;\"><span style=\"color: #5e4936;\">Cr\u00e9\u00e9e en 1906 \u00e0 la salle Pleyel et d\u00e9di\u00e9e \u00e0 l\u2019ami organiste Charles Tournemire, la Sonate pour violon et piano de Maurice Emmanuel (1902) a trouv\u00e9 dans le duo Arar des interpr\u00e8tes engag\u00e9s, capables de mettre en valeur les vastes phrases lyriques du premier mouvement et la profonde m\u00e9lancolie de l\u2019Adagio non troppo. L\u2019Allegro giocoso s\u00e9duit d\u2019embl\u00e9e par son joyeux dynamisme\u00a0; la verve et l\u2019\u00e9nergie du jeune duo l\u2019ont litt\u00e9ralement enlev\u00e9, lui ont redonn\u00e9 sa jeunesse et son actualit\u00e9.<\/span><\/p>\n<p style=\"text-align: justify;\"><span style=\"color: #5e4936;\">La \u00ab\u00a0Sonate cr\u00e9pusculaire\u00a0\u00bb d\u2019Henri Sauguet, bien qu\u2019\u00e9crite en 1981, prenait la seconde place dans le concert. L\u2019unique mouvement aux tempi changeants, \u00e0 l\u2019harmonie atonale et bien personnelle, a \u00e9t\u00e9 servi par la belle concentration des deux artistes qui ont su se mouler dans toutes les exigences de cette \u00e9criture capricieuse et impr\u00e9visible. Pour bon nombre des auditeurs pr\u00e9sents, ce fut une d\u00e9couverte heureuse et forte, amenant la conviction que la musique fran\u00e7aise a beaucoup \u00e0 apporter \u00e0 l\u2019univers musical de notre temps.<\/span><\/p>\n<p style=\"text-align: justify;\"><span style=\"color: #5e4936;\">Le m\u00eame constat s\u2019imposait d\u2019ailleurs avec la sonate \u00ab\u00a0Le Lis\u00a0\u00bb de Lucien Durosoir (1921). Cette \u0153uvre en deux mouvements affirme d\u2019embl\u00e9e l\u2019autorit\u00e9 d\u2019une \u00e9criture tr\u00e8s personnelle, libre de toute attache avec le monde contemporain, comme jaillie du seul monde int\u00e9rieur de son auteur. Elle demande beaucoup aux interpr\u00e8tes\u00a0: sur le plan technique, puissance d\u2019archet et grande flexibilit\u00e9 sonore, vertige de la difficult\u00e9 pianistique\u00a0; sur le plan interpr\u00e9tatif, profonde concentration, adaptation imm\u00e9diate aux \u00e9thos d\u2019angoisse ou d\u2019all\u00e9gresse qui se disputent le terrain dans les deux mouvements.<\/span><\/p>\n<p style=\"text-align: justify;\"><span style=\"color: #5e4936;\">Dans ces trois sonates, le duo Arar s\u2019est surpass\u00e9, recueillant les applaudissements nourris d\u2019un public connaisseur et heureux de ses d\u00e9couvertes.<\/span><\/p>\n<p style=\"text-align: justify;\"><span style=\"color: #5e4936;\">Gageons que cette r\u00e9ussite suscitera l\u2019int\u00e9r\u00eat de nombreux d\u00e9fenseurs de la musique fran\u00e7aise qui m\u00e9rite l\u2019engagement lucide et sans chauvinisme de tous ceux qui savent en reconna\u00eetre la sp\u00e9cificit\u00e9 et la valeur.\u00a0\u25a1<\/span><\/p>\n<table>\n<tbody>\n<tr>\n<td><\/td>\n<\/tr>\n<\/tbody>\n<\/table>\n<p style=\"text-align: center;\"><strong><span style=\"font-family: 'times new roman', times, serif; font-size: 20px; color: #5e4936;\"><a style=\"color: #5e4936;\" href=\"http:\/\/xn--lesamisdelamusiquefranaise-dkc.com\/wp-content\/uploads\/2016\/06\/AMF-Concert-9-octobre-2016.pdf\">Fichier pdf du Concert du 9 octobre 2016<\/a><\/span><\/strong><\/p>\n<table>\n<tbody>\n<tr>\n<td><\/td>\n<\/tr>\n<\/tbody>\n<\/table>\n<pre style=\"text-align: center;\"><\/pre>\n<table>\n<tbody>\n<tr>\n<td><\/td>\n<\/tr>\n<\/tbody>\n<\/table>\n<p>&nbsp;<\/p>\n<p style=\"text-align: center;\"><a href=\"http:\/\/xn--lesamisdelamusiquefranaise-dkc.com\/wp-content\/uploads\/2016\/06\/AfficheConcertME2016-02.bmp\"><img loading=\"lazy\" class=\"alignnone size-full wp-image-5429\" src=\"http:\/\/xn--lesamisdelamusiquefranaise-dkc.com\/wp-content\/uploads\/2016\/06\/AfficheConcertME2016-02.bmp\" alt=\"\" width=\"650\" height=\"911\" \/><\/a><\/p>\n","protected":false},"excerpt":{"rendered":"<p>Luc DUROSOIR, vice-pr\u00e9sident des Amf est en charge de nos concerts en relation \u00a0avec les ayants droit\u00a0&amp; les associations partenaires Concert des AMF, samedi 16 d\u00e9cembre 2017 L&rsquo;Alcazar, Marseille \u00a0 Georgie DUROSOIR, musicologue 18 d\u00e9cembre 2017 Trio Arcadis Amandine Ley au violon, Anne-Claire Lantenois au piano, Nicolas Saint-Yves au violoncelle Trios d\u2019Olivier Greif (1950-2000) et [&hellip;]<\/p>\n","protected":false},"author":1,"featured_media":0,"parent":0,"menu_order":0,"comment_status":"closed","ping_status":"closed","template":"concerts.php","meta":{"_monsterinsights_skip_tracking":false,"_monsterinsights_sitenote_active":false,"_monsterinsights_sitenote_note":"","_monsterinsights_sitenote_category":0},"acf":[],"_links":{"self":[{"href":"https:\/\/lesamisdelamusiquefran\u00e7aise.com\/index.php?rest_route=\/wp\/v2\/pages\/231"}],"collection":[{"href":"https:\/\/lesamisdelamusiquefran\u00e7aise.com\/index.php?rest_route=\/wp\/v2\/pages"}],"about":[{"href":"https:\/\/lesamisdelamusiquefran\u00e7aise.com\/index.php?rest_route=\/wp\/v2\/types\/page"}],"author":[{"embeddable":true,"href":"https:\/\/lesamisdelamusiquefran\u00e7aise.com\/index.php?rest_route=\/wp\/v2\/users\/1"}],"replies":[{"embeddable":true,"href":"https:\/\/lesamisdelamusiquefran\u00e7aise.com\/index.php?rest_route=%2Fwp%2Fv2%2Fcomments&post=231"}],"version-history":[{"count":36,"href":"https:\/\/lesamisdelamusiquefran\u00e7aise.com\/index.php?rest_route=\/wp\/v2\/pages\/231\/revisions"}],"predecessor-version":[{"id":6086,"href":"https:\/\/lesamisdelamusiquefran\u00e7aise.com\/index.php?rest_route=\/wp\/v2\/pages\/231\/revisions\/6086"}],"wp:attachment":[{"href":"https:\/\/lesamisdelamusiquefran\u00e7aise.com\/index.php?rest_route=%2Fwp%2Fv2%2Fmedia&parent=231"}],"curies":[{"name":"wp","href":"https:\/\/api.w.org\/{rel}","templated":true}]}}